{"id":2958,"date":"2023-10-13T13:28:50","date_gmt":"2023-10-13T11:28:50","guid":{"rendered":"https:\/\/debouchage-general.be\/?page_id=2958"},"modified":"2023-10-13T16:15:21","modified_gmt":"2023-10-13T14:15:21","slug":"foire-aux-questions","status":"publish","type":"page","link":"https:\/\/debouchage-general.be\/nl\/veelgestelde-vragen\/","title":{"rendered":"Veelgestelde vragen"},"content":{"rendered":"<div data-elementor-type=\"wp-page\" data-elementor-id=\"2958\" class=\"elementor elementor-2958\">\n\t\t\t\t\t\t\t        <section class=\"elementor-section elementor-top-section elementor-element elementor-element-98a8261 elementor-section-boxed elementor-section-height-default elementor-section-height-default\" data-id=\"98a8261\" data-element_type=\"section\">\r\n\t\t\r\n\t\t        <div class=\"elementor-container elementor-column-gap-default\" >\r\n\t\t        <div class=\"elementor-column elementor-col-100 elementor-top-column elementor-element elementor-element-e254e32\" data-id=\"e254e32\" data-element_type=\"column\">\r\n        <div class=\"elementor-widget-wrap elementor-element-populated\">\r\n                        \t\t<div class=\"elementor-element elementor-element-c8eb94b elementor-widget elementor-widget-text-editor\" data-id=\"c8eb94b\" data-element_type=\"widget\" data-widget_type=\"text-editor.default\">\n\t\t\t\t<div class=\"elementor-widget-container\">\n\t\t\t<style>\/*! elementor - v3.17.0 - 08-11-2023 *\/\n.elementor-widget-text-editor.elementor-drop-cap-view-stacked .elementor-drop-cap{background-color:#69727d;color:#fff}.elementor-widget-text-editor.elementor-drop-cap-view-framed .elementor-drop-cap{color:#69727d;border:3px solid;background-color:transparent}.elementor-widget-text-editor:not(.elementor-drop-cap-view-default) .elementor-drop-cap{margin-top:8px}.elementor-widget-text-editor:not(.elementor-drop-cap-view-default) .elementor-drop-cap-letter{width:1em;height:1em}.elementor-widget-text-editor .elementor-drop-cap{float:left;text-align:center;line-height:1;font-size:50px}.elementor-widget-text-editor .elementor-drop-cap-letter{display:inline-block}<\/style>\t\t\t\t<p>Als het gaat om het beheer van ons huis, rijzen er vaak vragen over verwarming, ontstopping en loodgieterij. Deze systemen, hoewel vaak verborgen achter muren of onder de grond, zijn essentieel voor ons dagelijks comfort. Of het nu gaat om het zorgen voor de juiste kamertemperatuur tijdens de koude maanden, het voorkomen van ongemakken door verstopte leidingen of het zorgen voor voldoende watervoorziening, elk element is belangrijk.<\/p><p>Om u te helpen deze gebieden beter te begrijpen en te beheren, hebben we een uitgebreide FAQ samengesteld die de meest voorkomende vragen over verwarming, ontstopping en loodgieterij behandelt. Met deze informatie hopen we niet alleen uw veelvoorkomende vragen te beantwoorden, maar u ook de kennis te geven die nodig is om ge\u00efnformeerde beslissingen te nemen over het onderhoud en de verbetering van uw huis.<\/p>\t\t\t\t\t\t<\/div>\n\t\t\t\t<\/div>\n\t\t        <\/div>\r\n        <\/div>\r\n        \t\t        <\/div>\r\n        <\/section>\r\n\t\t        <section class=\"elementor-section elementor-top-section elementor-element elementor-element-95b0b74 elementor-section-boxed elementor-section-height-default elementor-section-height-default\" data-id=\"95b0b74\" data-element_type=\"section\">\r\n\t\t\r\n\t\t        <div class=\"elementor-container elementor-column-gap-default\" >\r\n\t\t        <div class=\"elementor-column elementor-col-100 elementor-top-column elementor-element elementor-element-47a7d64\" data-id=\"47a7d64\" data-element_type=\"column\">\r\n        <div class=\"elementor-widget-wrap elementor-element-populated\">\r\n                        \t\t<div class=\"elementor-element elementor-element-dd66924 elementor-widget elementor-widget-heading\" data-id=\"dd66924\" data-element_type=\"widget\" data-widget_type=\"heading.default\">\n\t\t\t\t<div class=\"elementor-widget-container\">\n\t\t\t<style>\/*! elementor - v3.17.0 - 08-11-2023 *\/\n.elementor-heading-title{padding:0;margin:0;line-height:1}.elementor-widget-heading .elementor-heading-title[class*=elementor-size-]>a{color:inherit;font-size:inherit;line-height:inherit}.elementor-widget-heading .elementor-heading-title.elementor-size-small{font-size:15px}.elementor-widget-heading .elementor-heading-title.elementor-size-medium{font-size:19px}.elementor-widget-heading .elementor-heading-title.elementor-size-large{font-size:29px}.elementor-widget-heading .elementor-heading-title.elementor-size-xl{font-size:39px}.elementor-widget-heading .elementor-heading-title.elementor-size-xxl{font-size:59px}<\/style><h2 class=\"elementor-heading-title elementor-size-default\">Veelgestelde vragen loodgieterij<\/h2>\t\t<\/div>\n\t\t\t\t<\/div>\n\t\t        <\/div>\r\n        <\/div>\r\n        \t\t        <\/div>\r\n        <\/section>\r\n\t\t        <section class=\"elementor-section elementor-top-section elementor-element elementor-element-225b0c9 elementor-section-boxed elementor-section-height-default elementor-section-height-default\" data-id=\"225b0c9\" data-element_type=\"section\">\r\n\t\t\r\n\t\t        <div class=\"elementor-container elementor-column-gap-default\" >\r\n\t\t        <div class=\"elementor-column elementor-col-50 elementor-top-column elementor-element elementor-element-87f12af\" data-id=\"87f12af\" data-element_type=\"column\">\r\n        <div class=\"elementor-widget-wrap elementor-element-populated\">\r\n                        \t\t<div class=\"elementor-element elementor-element-1524953 elementor-widget elementor-widget-heading\" data-id=\"1524953\" data-element_type=\"widget\" data-widget_type=\"heading.default\">\n\t\t\t\t<div class=\"elementor-widget-container\">\n\t\t\t<h3 class=\"elementor-heading-title elementor-size-default\">Wat kan een verstopping in mijn leidingen veroorzaken?<\/h3>\t\t<\/div>\n\t\t\t\t<\/div>\n\t\t\t\t<div class=\"elementor-element elementor-element-7ed3d2f elementor-widget elementor-widget-text-editor\" data-id=\"7ed3d2f\" data-element_type=\"widget\" data-widget_type=\"text-editor.default\">\n\t\t\t\t<div class=\"elementor-widget-container\">\n\t\t\t\t\t\t\t<p>Verstoppingen kunnen worden veroorzaakt door ophoping van vet, haar, voedselresten, toiletpapier, boomwortels of andere vuildeeltjes die vast komen te zitten in de leidingen.<\/p>\t\t\t\t\t\t<\/div>\n\t\t\t\t<\/div>\n\t\t\t\t<div class=\"elementor-element elementor-element-75e296b elementor-widget elementor-widget-heading\" data-id=\"75e296b\" data-element_type=\"widget\" data-widget_type=\"heading.default\">\n\t\t\t\t<div class=\"elementor-widget-container\">\n\t\t\t<h3 class=\"elementor-heading-title elementor-size-default\">Hoe kan ik verstoppingen in mijn leidingen voorkomen?<\/h3>\t\t<\/div>\n\t\t\t\t<\/div>\n\t\t\t\t<div class=\"elementor-element elementor-element-ab6c122 elementor-widget elementor-widget-text-editor\" data-id=\"ab6c122\" data-element_type=\"widget\" data-widget_type=\"text-editor.default\">\n\t\t\t\t<div class=\"elementor-widget-container\">\n\t\t\t\t\t\t\t<p>Vermijd het gieten van vetten of oli\u00ebn in de gootsteen, gebruik zeven om te voorkomen dat grote deeltjes de leidingen binnendringen, en gooi geen niet-biologisch afbreekbare items in het toilet.<\/p>\t\t\t\t\t\t<\/div>\n\t\t\t\t<\/div>\n\t\t\t\t<div class=\"elementor-element elementor-element-4e961af elementor-widget elementor-widget-heading\" data-id=\"4e961af\" data-element_type=\"widget\" data-widget_type=\"heading.default\">\n\t\t\t\t<div class=\"elementor-widget-container\">\n\t\t\t<h3 class=\"elementor-heading-title elementor-size-default\">Hoe weet ik of ik een lek heb in mijn loodgieterswerk?<\/h3>\t\t<\/div>\n\t\t\t\t<\/div>\n\t\t\t\t<div class=\"elementor-element elementor-element-755a159 elementor-widget elementor-widget-text-editor\" data-id=\"755a159\" data-element_type=\"widget\" data-widget_type=\"text-editor.default\">\n\t\t\t\t<div class=\"elementor-widget-container\">\n\t\t\t\t\t\t\t<p>Veelvoorkomende tekenen zijn onder andere een onverklaarbare stijging van de waterrekening, vochtige plekken of water vlekken op muren, plafonds of vloeren, en constant geluid van stromend water.<\/p>\t\t\t\t\t\t<\/div>\n\t\t\t\t<\/div>\n\t\t\t\t<div class=\"elementor-element elementor-element-b936d76 elementor-widget elementor-widget-heading\" data-id=\"b936d76\" data-element_type=\"widget\" data-widget_type=\"heading.default\">\n\t\t\t\t<div class=\"elementor-widget-container\">\n\t\t\t<h3 class=\"elementor-heading-title elementor-size-default\">Hoe maak je het onderscheid tussen een eenvoudige ontstopping en een ernstigere ingreep?<\/h3>\t\t<\/div>\n\t\t\t\t<\/div>\n\t\t\t\t<div class=\"elementor-element elementor-element-8ca61b2 elementor-widget elementor-widget-text-editor\" data-id=\"8ca61b2\" data-element_type=\"widget\" data-widget_type=\"text-editor.default\">\n\t\t\t\t<div class=\"elementor-widget-container\">\n\t\t\t\t\t\t\t<p>Als een eenvoudige vloeibare ontstopper of een zuignap het probleem niet oplost, of als meerdere afvoeren tegelijkertijd verstopt zijn, kan dit wijzen op een ernstiger probleem dat professionele hulp vereist.<\/p>\t\t\t\t\t\t<\/div>\n\t\t\t\t<\/div>\n\t\t        <\/div>\r\n        <\/div>\r\n                <div class=\"elementor-column elementor-col-50 elementor-top-column elementor-element elementor-element-aa2077d\" data-id=\"aa2077d\" data-element_type=\"column\">\r\n        <div class=\"elementor-widget-wrap elementor-element-populated\">\r\n                        \t\t<div class=\"elementor-element elementor-element-d7ec4a1 elementor-widget elementor-widget-heading\" data-id=\"d7ec4a1\" data-element_type=\"widget\" data-widget_type=\"heading.default\">\n\t\t\t\t<div class=\"elementor-widget-container\">\n\t\t\t<h3 class=\"elementor-heading-title elementor-size-default\">Hoe lang duurt meestal een interventie om leidingen te ontstoppen?<\/h3>\t\t<\/div>\n\t\t\t\t<\/div>\n\t\t\t\t<div class=\"elementor-element elementor-element-2af1218 elementor-widget elementor-widget-text-editor\" data-id=\"2af1218\" data-element_type=\"widget\" data-widget_type=\"text-editor.default\">\n\t\t\t\t<div class=\"elementor-widget-container\">\n\t\t\t\t\t\t\t<p>Dit hangt af van de ernst van de verstopping. Een eenvoudige verstopping kan binnen een uur worden opgelost, terwijl een complexer probleem meerdere uren kan duren.<\/p>\t\t\t\t\t\t<\/div>\n\t\t\t\t<\/div>\n\t\t\t\t<div class=\"elementor-element elementor-element-2b58ab0 elementor-widget elementor-widget-heading\" data-id=\"2b58ab0\" data-element_type=\"widget\" data-widget_type=\"heading.default\">\n\t\t\t\t<div class=\"elementor-widget-container\">\n\t\t\t<h3 class=\"elementor-heading-title elementor-size-default\">Zijn chemische ontstoppings middelen veilig voor mijn leidingen?<\/h3>\t\t<\/div>\n\t\t\t\t<\/div>\n\t\t\t\t<div class=\"elementor-element elementor-element-ce72ae7 elementor-widget elementor-widget-text-editor\" data-id=\"ce72ae7\" data-element_type=\"widget\" data-widget_type=\"text-editor.default\">\n\t\t\t\t<div class=\"elementor-widget-container\">\n\t\t\t\t\t\t\t<p>Sommige chemische ontstoppingsmiddelen kunnen uw leidingen beschadigen, vooral als ze te veel worden gebruikt. Het is altijd raadzaam om een professional te raadplegen voordat u deze producten gebruikt.<\/p>\t\t\t\t\t\t<\/div>\n\t\t\t\t<\/div>\n\t\t\t\t<div class=\"elementor-element elementor-element-efdfddb elementor-widget elementor-widget-heading\" data-id=\"efdfddb\" data-element_type=\"widget\" data-widget_type=\"heading.default\">\n\t\t\t\t<div class=\"elementor-widget-container\">\n\t\t\t<h3 class=\"elementor-heading-title elementor-size-default\">Is het mogelijk om een lek te detecteren zonder een muur of vloer te slopen?<\/h3>\t\t<\/div>\n\t\t\t\t<\/div>\n\t\t\t\t<div class=\"elementor-element elementor-element-65b3b5b elementor-widget elementor-widget-text-editor\" data-id=\"65b3b5b\" data-element_type=\"widget\" data-widget_type=\"text-editor.default\">\n\t\t\t\t<div class=\"elementor-widget-container\">\n\t\t\t\t\t\t\t<p>Ja, dankzij moderne technologie zoals inspectiecamera's en andere hulpmiddelen kunnen professionals vaak een lek lokaliseren zonder ingrijpende sloop.<\/p>\t\t\t\t\t\t<\/div>\n\t\t\t\t<\/div>\n\t\t\t\t<div class=\"elementor-element elementor-element-5f5819d elementor-widget elementor-widget-heading\" data-id=\"5f5819d\" data-element_type=\"widget\" data-widget_type=\"heading.default\">\n\t\t\t\t<div class=\"elementor-widget-container\">\n\t\t\t<h3 class=\"elementor-heading-title elementor-size-default\">Wat is de beste manier om leidingen schoon te maken?<\/h3>\t\t<\/div>\n\t\t\t\t<\/div>\n\t\t\t\t<div class=\"elementor-element elementor-element-b55885a elementor-widget elementor-widget-text-editor\" data-id=\"b55885a\" data-element_type=\"widget\" data-widget_type=\"text-editor.default\">\n\t\t\t\t<div class=\"elementor-widget-container\">\n\t\t\t\t\t\t\t<p>Het regelmatig gebruik van natuurlijke reinigingsmiddelen zoals baking soda en azijn kan helpen. Voor een grondige reiniging overweeg echter een professionele hogedrukreiniging.<\/p>\t\t\t\t\t\t<\/div>\n\t\t\t\t<\/div>\n\t\t        <\/div>\r\n        <\/div>\r\n        \t\t        <\/div>\r\n        <\/section>\r\n\t\t        <section class=\"elementor-section elementor-top-section elementor-element elementor-element-69f0f61 elementor-section-boxed elementor-section-height-default elementor-section-height-default\" data-id=\"69f0f61\" data-element_type=\"section\">\r\n\t\t\r\n\t\t        <div class=\"elementor-container elementor-column-gap-default\" >\r\n\t\t        <div class=\"elementor-column elementor-col-100 elementor-top-column elementor-element elementor-element-62ca6d9\" data-id=\"62ca6d9\" data-element_type=\"column\">\r\n        <div class=\"elementor-widget-wrap elementor-element-populated\">\r\n                        \t\t<div class=\"elementor-element elementor-element-a70802e elementor-widget elementor-widget-heading\" data-id=\"a70802e\" data-element_type=\"widget\" data-widget_type=\"heading.default\">\n\t\t\t\t<div class=\"elementor-widget-container\">\n\t\t\t<h2 class=\"elementor-heading-title elementor-size-default\">Veelgestelde vragen Verwarming<\/h2>\t\t<\/div>\n\t\t\t\t<\/div>\n\t\t        <\/div>\r\n        <\/div>\r\n        \t\t        <\/div>\r\n        <\/section>\r\n\t\t        <section class=\"elementor-section elementor-top-section elementor-element elementor-element-1cae073 elementor-section-boxed elementor-section-height-default elementor-section-height-default\" data-id=\"1cae073\" data-element_type=\"section\">\r\n\t\t\r\n\t\t        <div class=\"elementor-container elementor-column-gap-default\" >\r\n\t\t        <div class=\"elementor-column elementor-col-50 elementor-top-column elementor-element elementor-element-637a473\" data-id=\"637a473\" data-element_type=\"column\">\r\n        <div class=\"elementor-widget-wrap elementor-element-populated\">\r\n                        \t\t<div class=\"elementor-element elementor-element-64b1e3a elementor-widget elementor-widget-heading\" data-id=\"64b1e3a\" data-element_type=\"widget\" data-widget_type=\"heading.default\">\n\t\t\t\t<div class=\"elementor-widget-container\">\n\t\t\t<h3 class=\"elementor-heading-title elementor-size-default\">Welke soorten radiatoren installeert u?<\/h3>\t\t<\/div>\n\t\t\t\t<\/div>\n\t\t\t\t<div class=\"elementor-element elementor-element-1c71867 elementor-widget elementor-widget-text-editor\" data-id=\"1c71867\" data-element_type=\"widget\" data-widget_type=\"text-editor.default\">\n\t\t\t\t<div class=\"elementor-widget-container\">\n\t\t\t\t\t\t\t<p><em>Wij installeren een divers assortiment radiatoren, vari\u00ebrend van traditionele modellen tot moderne en designradiatoren. Onze expertise omvat zowel radiatoren op basis van warm water als elektrische radiatoren.<\/em><\/p>\t\t\t\t\t\t<\/div>\n\t\t\t\t<\/div>\n\t\t\t\t<div class=\"elementor-element elementor-element-993a170 elementor-widget elementor-widget-heading\" data-id=\"993a170\" data-element_type=\"widget\" data-widget_type=\"heading.default\">\n\t\t\t\t<div class=\"elementor-widget-container\">\n\t\t\t<h3 class=\"elementor-heading-title elementor-size-default\">Vervangt u ook de verwarmings leidingen?<\/h3>\t\t<\/div>\n\t\t\t\t<\/div>\n\t\t\t\t<div class=\"elementor-element elementor-element-bf551a1 elementor-widget elementor-widget-text-editor\" data-id=\"bf551a1\" data-element_type=\"widget\" data-widget_type=\"text-editor.default\">\n\t\t\t\t<div class=\"elementor-widget-container\">\n\t\t\t\t\t\t\t<p><em>Zeker, we bieden uitgebreide diensten, inclusief vervanging en installatie van leidingwerk voor uw verwarmingssysteem.<\/em><\/p>\t\t\t\t\t\t<\/div>\n\t\t\t\t<\/div>\n\t\t\t\t<div class=\"elementor-element elementor-element-9eed2d5 elementor-widget elementor-widget-heading\" data-id=\"9eed2d5\" data-element_type=\"widget\" data-widget_type=\"heading.default\">\n\t\t\t\t<div class=\"elementor-widget-container\">\n\t\t\t<h3 class=\"elementor-heading-title elementor-size-default\">Ik wil een nieuwe boiler installeren. Welke merken en modellen raadt u aan?<\/h3>\t\t<\/div>\n\t\t\t\t<\/div>\n\t\t\t\t<div class=\"elementor-element elementor-element-d1ccbbd elementor-widget elementor-widget-text-editor\" data-id=\"d1ccbbd\" data-element_type=\"widget\" data-widget_type=\"text-editor.default\">\n\t\t\t\t<div class=\"elementor-widget-container\">\n\t\t\t\t\t\t\t<p><em>We werken met een verscheidenheid aan gerenommeerde merken zoals Vaillant, Bulex, Junkers en nog veel meer. De aanbeveling zal afhangen van uw specifieke behoeften en budget.<\/em><\/p>\t\t\t\t\t\t<\/div>\n\t\t\t\t<\/div>\n\t\t\t\t<div class=\"elementor-element elementor-element-e495102 elementor-widget elementor-widget-heading\" data-id=\"e495102\" data-element_type=\"widget\" data-widget_type=\"heading.default\">\n\t\t\t\t<div class=\"elementor-widget-container\">\n\t\t\t<h3 class=\"elementor-heading-title elementor-size-default\">Is er garantie op uw installaties van boilers en warmwatertoestellen?<\/h3>\t\t<\/div>\n\t\t\t\t<\/div>\n\t\t\t\t<div class=\"elementor-element elementor-element-e02ae5a elementor-widget elementor-widget-text-editor\" data-id=\"e02ae5a\" data-element_type=\"widget\" data-widget_type=\"text-editor.default\">\n\t\t\t\t<div class=\"elementor-widget-container\">\n\t\t\t\t\t\t\t<p><em>Ja, al onze installaties worden geleverd met garantie om uw gemoedsrust en de kwaliteit van ons werk te waarborgen.<\/em><\/p>\t\t\t\t\t\t<\/div>\n\t\t\t\t<\/div>\n\t\t        <\/div>\r\n        <\/div>\r\n                <div class=\"elementor-column elementor-col-50 elementor-top-column elementor-element elementor-element-e7c2d21\" data-id=\"e7c2d21\" data-element_type=\"column\">\r\n        <div class=\"elementor-widget-wrap elementor-element-populated\">\r\n                        \t\t<div class=\"elementor-element elementor-element-60d2ee8 elementor-widget elementor-widget-heading\" data-id=\"60d2ee8\" data-element_type=\"widget\" data-widget_type=\"heading.default\">\n\t\t\t\t<div class=\"elementor-widget-container\">\n\t\t\t<h3 class=\"elementor-heading-title elementor-size-default\">Wat is de aanbevolen frequentie voor het onderhoud van mijn verwarmings ketel?<\/h3>\t\t<\/div>\n\t\t\t\t<\/div>\n\t\t\t\t<div class=\"elementor-element elementor-element-6cec531 elementor-widget elementor-widget-text-editor\" data-id=\"6cec531\" data-element_type=\"widget\" data-widget_type=\"text-editor.default\">\n\t\t\t\t<div class=\"elementor-widget-container\">\n\t\t\t\t\t\t\t<p><em>Het wordt over het algemeen aanbevolen om jaarlijks onderhoud uit te laten voeren om de goede werking en levensduur van uw apparaat te waarborgen.<\/em><\/p>\t\t\t\t\t\t<\/div>\n\t\t\t\t<\/div>\n\t\t\t\t<div class=\"elementor-element elementor-element-cbc708c elementor-widget elementor-widget-heading\" data-id=\"cbc708c\" data-element_type=\"widget\" data-widget_type=\"heading.default\">\n\t\t\t\t<div class=\"elementor-widget-container\">\n\t\t\t<h3 class=\"elementor-heading-title elementor-size-default\">Biedt u milieuvriendelijke verwarmings oplossingen aan?<\/h3>\t\t<\/div>\n\t\t\t\t<\/div>\n\t\t\t\t<div class=\"elementor-element elementor-element-eaa5600 elementor-widget elementor-widget-text-editor\" data-id=\"eaa5600\" data-element_type=\"widget\" data-widget_type=\"text-editor.default\">\n\t\t\t\t<div class=\"elementor-widget-container\">\n\t\t\t\t\t\t\t<p><em>Ja, we zijn toegewijd aan het bevorderen van energie-effici\u00ebnte en milieuvriendelijke verwarmings oplossingen.<\/em><\/p>\t\t\t\t\t\t<\/div>\n\t\t\t\t<\/div>\n\t\t\t\t<div class=\"elementor-element elementor-element-81a3c07 elementor-widget elementor-widget-heading\" data-id=\"81a3c07\" data-element_type=\"widget\" data-widget_type=\"heading.default\">\n\t\t\t\t<div class=\"elementor-widget-container\">\n\t\t\t<h3 class=\"elementor-heading-title elementor-size-default\">Mijn radiatoren lijken minder effici\u00ebnt. Biedt u een reparatieservice aan?<\/h3>\t\t<\/div>\n\t\t\t\t<\/div>\n\t\t\t\t<div class=\"elementor-element elementor-element-9524e3a elementor-widget elementor-widget-text-editor\" data-id=\"9524e3a\" data-element_type=\"widget\" data-widget_type=\"text-editor.default\">\n\t\t\t\t<div class=\"elementor-widget-container\">\n\t\t\t\t\t\t\t<p><em>Ja, we bieden reparatie- en storingsdiensten voor alle soorten radiatoren. Onze technici kunnen elk probleem diagnosticeren en oplossen dat u zou kunnen tegenkomen.<\/em><\/p>\t\t\t\t\t\t<\/div>\n\t\t\t\t<\/div>\n\t\t\t\t<div class=\"elementor-element elementor-element-56b8954 elementor-widget elementor-widget-heading\" data-id=\"56b8954\" data-element_type=\"widget\" data-widget_type=\"heading.default\">\n\t\t\t\t<div class=\"elementor-widget-container\">\n\t\t\t<h3 class=\"elementor-heading-title elementor-size-default\">Hoe zijn uw tarieven gestructureerd?<\/h3>\t\t<\/div>\n\t\t\t\t<\/div>\n\t\t\t\t<div class=\"elementor-element elementor-element-9d023aa elementor-widget elementor-widget-text-editor\" data-id=\"9d023aa\" data-element_type=\"widget\" data-widget_type=\"text-editor.default\">\n\t\t\t\t<div class=\"elementor-widget-container\">\n\t\t\t\t\t\t\t<p><em>Bij Sanichauffe leggen we de nadruk op transparantie. Voordat we aan het werk gaan, verstrekken we een gedetailleerde offerte om ervoor te zorgen dat er geen verrassingen zijn.<\/em><\/p>\t\t\t\t\t\t<\/div>\n\t\t\t\t<\/div>\n\t\t        <\/div>\r\n        <\/div>\r\n        \t\t        <\/div>\r\n        <\/section>\r\n\t\t\t\t\t\t\t<\/div>","protected":false},"excerpt":{"rendered":"<p>Lorsqu&rsquo;il s&rsquo;agit de g\u00e9rer l&rsquo;entretien de notre maison, des questions surgissent souvent concernant le chauffage, le d\u00e9bouchage et la plomberie. Ces syst\u00e8mes, bien que souvent cach\u00e9s derri\u00e8re les murs ou sous le sol, sont essentiels \u00e0 notre confort quotidien. Qu&rsquo;il s&rsquo;agisse de s&rsquo;assurer d&rsquo;une temp\u00e9rature ambiante id\u00e9ale pendant les mois froids, d&rsquo;\u00e9viter des d\u00e9sagr\u00e9ments dus [&hellip;]<\/p>","protected":false},"author":1,"featured_media":734,"parent":0,"menu_order":0,"comment_status":"closed","ping_status":"closed","template":"","meta":{"_seopress_robots_primary_cat":"","footnotes":""},"class_list":["post-2958","page","type-page","status-publish","has-post-thumbnail","hentry"],"_links":{"self":[{"href":"https:\/\/debouchage-general.be\/nl\/wp-json\/wp\/v2\/pages\/2958","targetHints":{"allow":["GET"]}}],"collection":[{"href":"https:\/\/debouchage-general.be\/nl\/wp-json\/wp\/v2\/pages"}],"about":[{"href":"https:\/\/debouchage-general.be\/nl\/wp-json\/wp\/v2\/types\/page"}],"author":[{"embeddable":true,"href":"https:\/\/debouchage-general.be\/nl\/wp-json\/wp\/v2\/users\/1"}],"replies":[{"embeddable":true,"href":"https:\/\/debouchage-general.be\/nl\/wp-json\/wp\/v2\/comments?post=2958"}],"version-history":[{"count":0,"href":"https:\/\/debouchage-general.be\/nl\/wp-json\/wp\/v2\/pages\/2958\/revisions"}],"wp:featuredmedia":[{"embeddable":true,"href":"https:\/\/debouchage-general.be\/nl\/wp-json\/wp\/v2\/media\/734"}],"wp:attachment":[{"href":"https:\/\/debouchage-general.be\/nl\/wp-json\/wp\/v2\/media?parent=2958"}],"curies":[{"name":"wp","href":"https:\/\/api.w.org\/{rel}","templated":true}]}}